{"id":26,"date":"2019-11-12T07:17:10","date_gmt":"2019-11-12T07:17:10","guid":{"rendered":"http:\/\/127.0.0.1:8080\/cv\/?page_id=26"},"modified":"2026-02-23T16:05:31","modified_gmt":"2026-02-23T16:05:31","slug":"home","status":"publish","type":"page","link":"https:\/\/mohs-consult.com\/de\/","title":{"rendered":"Home"},"content":{"rendered":"<div data-elementor-type=\"wp-page\" data-elementor-id=\"26\" class=\"elementor elementor-26\">\n\t\t\t\t<div class=\"elementor-element elementor-element-1b45488 e-flex e-con-boxed e-con e-parent\" data-id=\"1b45488\" data-element_type=\"container\" data-e-type=\"container\" data-settings=\"{&quot;background_background&quot;:&quot;classic&quot;}\">\n\t\t\t\t\t<div class=\"e-con-inner\">\n\t\t<div class=\"elementor-element elementor-element-170ec5f e-con-full e-flex elementor-invisible e-con e-child\" data-id=\"170ec5f\" data-element_type=\"container\" data-e-type=\"container\" data-settings=\"{&quot;animation&quot;:&quot;fadeIn&quot;}\">\n\t\t\t\t<div class=\"elementor-element elementor-element-a6ac849 elementor-widget-tablet__width-initial elementor-widget-mobile__width-inherit elementor-widget__width-initial elementor-widget elementor-widget-heading\" data-id=\"a6ac849\" data-element_type=\"widget\" data-e-type=\"widget\" data-widget_type=\"heading.default\">\n\t\t\t\t<div class=\"elementor-widget-container\">\n\t\t\t\t\t<h1 class=\"elementor-heading-title elementor-size-default\">IT Program-\/Project- &amp; interim Management<\/h1>\t\t\t\t<\/div>\n\t\t\t\t<\/div>\n\t\t\t\t<div class=\"elementor-element elementor-element-52ad762 elementor-widget elementor-widget-spacer\" data-id=\"52ad762\" data-element_type=\"widget\" data-e-type=\"widget\" data-widget_type=\"spacer.default\">\n\t\t\t\t<div class=\"elementor-widget-container\">\n\t\t\t\t\t\t\t<div class=\"elementor-spacer\">\n\t\t\t<div class=\"elementor-spacer-inner\"><\/div>\n\t\t<\/div>\n\t\t\t\t\t\t<\/div>\n\t\t\t\t<\/div>\n\t\t\t\t<div class=\"elementor-element elementor-element-d9109c5 elementor-widget elementor-widget-text-editor\" data-id=\"d9109c5\" data-element_type=\"widget\" data-e-type=\"widget\" data-widget_type=\"text-editor.default\">\n\t\t\t\t<div class=\"elementor-widget-container\">\n\t\t\t\t\t\t\t\t\t<p>Spezialisiert auf SAP Implementierungen, Migrationen, Upgrades und Wartung in internationalen Umgebungen, besonders Zusammenarbeit mit Indien (exLeiter SAP Competence Center f\u00fcr Alstom)<\/p>\t\t\t\t\t\t\t\t<\/div>\n\t\t\t\t<\/div>\n\t\t<div class=\"elementor-element elementor-element-4468869 e-con-full e-flex e-con e-child\" data-id=\"4468869\" data-element_type=\"container\" data-e-type=\"container\">\n\t\t<div class=\"elementor-element elementor-element-3ba6b00 e-con-full e-flex e-con e-child\" data-id=\"3ba6b00\" data-element_type=\"container\" data-e-type=\"container\">\n\t\t\t\t<div class=\"elementor-element elementor-element-c4cbb9e elementor-mobile-align-center elementor-widget-tablet__width-initial elementor-widget elementor-widget-button\" data-id=\"c4cbb9e\" data-element_type=\"widget\" data-e-type=\"widget\" data-widget_type=\"button.default\">\n\t\t\t\t<div class=\"elementor-widget-container\">\n\t\t\t\t\t\t\t\t\t<div class=\"elementor-button-wrapper\">\n\t\t\t\t\t<a class=\"elementor-button elementor-button-link elementor-size-sm elementor-animation-grow\" href=\"mailto:gunnar@mohs-consult.com\">\n\t\t\t\t\t\t<span class=\"elementor-button-content-wrapper\">\n\t\t\t\t\t\t\t\t\t<span class=\"elementor-button-text\">Kontakt<\/span>\n\t\t\t\t\t<\/span>\n\t\t\t\t\t<\/a>\n\t\t\t\t<\/div>\n\t\t\t\t\t\t\t\t<\/div>\n\t\t\t\t<\/div>\n\t\t\t\t<\/div>\n\t\t\t\t<\/div>\n\t\t\t\t<\/div>\n\t\t<div class=\"elementor-element elementor-element-7d52f5a e-con-full e-flex elementor-invisible e-con e-child\" data-id=\"7d52f5a\" data-element_type=\"container\" data-e-type=\"container\" data-settings=\"{&quot;animation&quot;:&quot;fadeInUp&quot;}\">\n\t\t\t\t<div class=\"elementor-element elementor-element-aabaa55 elementor-widget__width-initial elementor-widget elementor-widget-image\" data-id=\"aabaa55\" data-element_type=\"widget\" data-e-type=\"widget\" data-widget_type=\"image.default\">\n\t\t\t\t<div class=\"elementor-widget-container\">\n\t\t\t\t\t\t\t\t\t\t\t\t\t\t\t<img fetchpriority=\"high\" decoding=\"async\" width=\"1703\" height=\"2560\" src=\"https:\/\/mohs-consult.com\/wp-content\/uploads\/2025\/04\/DSC_8681_AR-scaled.jpg\" class=\"attachment-full size-full wp-image-802\" alt=\"\" srcset=\"https:\/\/mohs-consult.com\/wp-content\/uploads\/2025\/04\/DSC_8681_AR-scaled.jpg 1703w, https:\/\/mohs-consult.com\/wp-content\/uploads\/2025\/04\/DSC_8681_AR-200x301.jpg 200w, https:\/\/mohs-consult.com\/wp-content\/uploads\/2025\/04\/DSC_8681_AR-681x1024.jpg 681w, https:\/\/mohs-consult.com\/wp-content\/uploads\/2025\/04\/DSC_8681_AR-768x1154.jpg 768w, https:\/\/mohs-consult.com\/wp-content\/uploads\/2025\/04\/DSC_8681_AR-1022x1536.jpg 1022w, https:\/\/mohs-consult.com\/wp-content\/uploads\/2025\/04\/DSC_8681_AR-1363x2048.jpg 1363w, https:\/\/mohs-consult.com\/wp-content\/uploads\/2025\/04\/DSC_8681_AR-100x150.jpg 100w, https:\/\/mohs-consult.com\/wp-content\/uploads\/2025\/04\/DSC_8681_AR-150x225.jpg 150w, https:\/\/mohs-consult.com\/wp-content\/uploads\/2025\/04\/DSC_8681_AR-300x451.jpg 300w, https:\/\/mohs-consult.com\/wp-content\/uploads\/2025\/04\/DSC_8681_AR-450x676.jpg 450w, https:\/\/mohs-consult.com\/wp-content\/uploads\/2025\/04\/DSC_8681_AR-600x902.jpg 600w, https:\/\/mohs-consult.com\/wp-content\/uploads\/2025\/04\/DSC_8681_AR-900x1353.jpg 900w\" sizes=\"(max-width: 1703px) 100vw, 1703px\" \/>\t\t\t\t\t\t\t\t\t\t\t\t\t\t\t<\/div>\n\t\t\t\t<\/div>\n\t\t\t\t<\/div>\n\t\t\t\t\t<\/div>\n\t\t\t\t<\/div>\n\t\t<div class=\"elementor-element elementor-element-3a75fbb e-flex e-con-boxed elementor-invisible e-con e-parent\" data-id=\"3a75fbb\" data-element_type=\"container\" data-e-type=\"container\" id=\"Service\" data-settings=\"{&quot;background_background&quot;:&quot;gradient&quot;,&quot;animation&quot;:&quot;fadeInUp&quot;}\">\n\t\t\t\t\t<div class=\"e-con-inner\">\n\t\t<div class=\"elementor-element elementor-element-b207383 e-con-full e-flex e-con e-child\" data-id=\"b207383\" data-element_type=\"container\" data-e-type=\"container\">\n\t\t\t\t<\/div>\n\t\t\t\t\t<\/div>\n\t\t\t\t<\/div>\n\t\t<div class=\"elementor-element elementor-element-920caca e-flex e-con-boxed e-con e-parent\" data-id=\"920caca\" data-element_type=\"container\" data-e-type=\"container\" id=\"biography\">\n\t\t\t\t\t<div class=\"e-con-inner\">\n\t\t<div class=\"elementor-element elementor-element-fa853bb e-con-full e-flex elementor-invisible e-con e-child\" data-id=\"fa853bb\" data-element_type=\"container\" data-e-type=\"container\" data-settings=\"{&quot;background_background&quot;:&quot;classic&quot;,&quot;animation&quot;:&quot;fadeInLeft&quot;}\">\n\t\t\t\t<div class=\"elementor-element elementor-element-1a4507d elementor-widget elementor-widget-image\" data-id=\"1a4507d\" data-element_type=\"widget\" data-e-type=\"widget\" data-widget_type=\"image.default\">\n\t\t\t\t<div class=\"elementor-widget-container\">\n\t\t\t\t\t\t\t\t\t\t\t\t\t\t\t<img decoding=\"async\" width=\"768\" height=\"1024\" src=\"https:\/\/mohs-consult.com\/wp-content\/uploads\/2025\/04\/IMG_8566-768x1024.jpg\" class=\"attachment-large size-large wp-image-949\" alt=\"\" srcset=\"https:\/\/mohs-consult.com\/wp-content\/uploads\/2025\/04\/IMG_8566-768x1024.jpg 768w, https:\/\/mohs-consult.com\/wp-content\/uploads\/2025\/04\/IMG_8566-225x300.jpg 225w, https:\/\/mohs-consult.com\/wp-content\/uploads\/2025\/04\/IMG_8566-1152x1536.jpg 1152w, https:\/\/mohs-consult.com\/wp-content\/uploads\/2025\/04\/IMG_8566-1536x2048.jpg 1536w, https:\/\/mohs-consult.com\/wp-content\/uploads\/2025\/04\/IMG_8566-9x12.jpg 9w, https:\/\/mohs-consult.com\/wp-content\/uploads\/2025\/04\/IMG_8566-100x133.jpg 100w, https:\/\/mohs-consult.com\/wp-content\/uploads\/2025\/04\/IMG_8566-150x200.jpg 150w, https:\/\/mohs-consult.com\/wp-content\/uploads\/2025\/04\/IMG_8566-200x267.jpg 200w, https:\/\/mohs-consult.com\/wp-content\/uploads\/2025\/04\/IMG_8566-300x400.jpg 300w, https:\/\/mohs-consult.com\/wp-content\/uploads\/2025\/04\/IMG_8566-450x600.jpg 450w, https:\/\/mohs-consult.com\/wp-content\/uploads\/2025\/04\/IMG_8566-600x800.jpg 600w, https:\/\/mohs-consult.com\/wp-content\/uploads\/2025\/04\/IMG_8566-900x1200.jpg 900w, https:\/\/mohs-consult.com\/wp-content\/uploads\/2025\/04\/IMG_8566-scaled.jpg 1920w\" sizes=\"(max-width: 768px) 100vw, 768px\" \/>\t\t\t\t\t\t\t\t\t\t\t\t\t\t\t<\/div>\n\t\t\t\t<\/div>\n\t\t\t\t<\/div>\n\t\t<div class=\"elementor-element elementor-element-2e1cf93 e-con-full e-flex elementor-invisible e-con e-child\" data-id=\"2e1cf93\" data-element_type=\"container\" data-e-type=\"container\" data-settings=\"{&quot;animation&quot;:&quot;fadeIn&quot;}\">\n\t\t\t\t<div class=\"elementor-element elementor-element-0fefc3a elementor-widget elementor-widget-heading\" data-id=\"0fefc3a\" data-element_type=\"widget\" data-e-type=\"widget\" data-widget_type=\"heading.default\">\n\t\t\t\t<div class=\"elementor-widget-container\">\n\t\t\t\t\t<h2 class=\"elementor-heading-title elementor-size-default\">Biographie<\/h2>\t\t\t\t<\/div>\n\t\t\t\t<\/div>\n\t\t\t\t<div class=\"elementor-element elementor-element-65ee518 elementor-widget elementor-widget-spacer\" data-id=\"65ee518\" data-element_type=\"widget\" data-e-type=\"widget\" data-widget_type=\"spacer.default\">\n\t\t\t\t<div class=\"elementor-widget-container\">\n\t\t\t\t\t\t\t<div class=\"elementor-spacer\">\n\t\t\t<div class=\"elementor-spacer-inner\"><\/div>\n\t\t<\/div>\n\t\t\t\t\t\t<\/div>\n\t\t\t\t<\/div>\n\t\t\t\t<div class=\"elementor-element elementor-element-bcbd8f6 elementor-widget elementor-widget-text-editor\" data-id=\"bcbd8f6\" data-element_type=\"widget\" data-e-type=\"widget\" data-widget_type=\"text-editor.default\">\n\t\t\t\t<div class=\"elementor-widget-container\">\n\t\t\t\t\t\t\t\t\t<p>Ich begann meine Karriere als Berater im Bereich Supply Chain &amp; Manufacturing mit einem Schwerpunkt auf SAP und Supplier Relationship Management bei Ernst &amp; Young und Cap Gemini. Diese Rolle erm\u00f6glichte es mir, ein tiefes Verst\u00e4ndnis f\u00fcr Branchenbest Practices und Kundenbed\u00fcrfnisse zu entwickeln.<\/p><p>Nach vier Jahren in der Beratung wechselte ich zu Bombardier Transportation als Manager. Hier leitete ich ein dynamisches Team von internen Beratern, um modernste Business Intelligence-, Analyse- und Kollaborationsanwendungen zu implementieren, bereitzustellen und zu warten, mit einem starken Fokus auf SAP BI, BO und Portal. Danach war ich verantwortlich f\u00fcr die Leitung eines Teams, das erfolgreich Supply Chain-Anwendungen in den Bereichen Beschaffung, Sourcing, Bestands-\/Lagerverwaltung und Fertigung implementierte und wartete.<\/p><p>Sp\u00e4ter \u00fcbernahm ich die Leitung eines Teams von 20 Anwendungsmanagern. Wir verwalteten Anwendungen, planten Budgets, k\u00fcmmerten uns um das Lizenzmanagement und \u00fcberwachten externe Lieferanten weltweit, um erstklassige Anwendungsdienste sicherzustellen. Ich leitete ein Programm zur Migration von \u00fcber 100 Anwendungen, einschlie\u00dflich SAP, zwischen Rechenzentren und sp\u00e4ter die Umstellung der SAP-Systeme von einem internen Rechenzentrum und Oracle DB auf die Azure-Cloud und Hana DB.<\/p><p>In meiner letzten Position leitete ich das SAP Competence Center bei Alstom. Ich f\u00fchrte ein talentiertes Team von SAP-Experten, das SAP-L\u00f6sungen entwarf, implementierte und betrieb, die auf die Gesch\u00e4ftsanforderungen von Alstom zugeschnitten waren. Diese Position erm\u00f6glichte es mir, mein Fachwissen zu nutzen, um Innovation und Effizienz innerhalb der Organisation voranzutreiben.<\/p>\t\t\t\t\t\t\t\t<\/div>\n\t\t\t\t<\/div>\n\t\t\t\t<\/div>\n\t\t\t\t\t<\/div>\n\t\t\t\t<\/div>\n\t\t<div class=\"elementor-element elementor-element-4f617f3 e-flex e-con-boxed e-con e-parent\" data-id=\"4f617f3\" data-element_type=\"container\" data-e-type=\"container\" id=\"Experience\" data-settings=\"{&quot;background_background&quot;:&quot;gradient&quot;}\">\n\t\t\t\t\t<div class=\"e-con-inner\">\n\t\t<div class=\"elementor-element elementor-element-ba5c9ba e-con-full e-flex elementor-invisible e-con e-child\" data-id=\"ba5c9ba\" data-element_type=\"container\" data-e-type=\"container\" data-settings=\"{&quot;animation&quot;:&quot;fadeIn&quot;}\">\n\t\t\t\t<div class=\"elementor-element elementor-element-bb7ce7c elementor-widget elementor-widget-heading\" data-id=\"bb7ce7c\" data-element_type=\"widget\" data-e-type=\"widget\" data-widget_type=\"heading.default\">\n\t\t\t\t<div class=\"elementor-widget-container\">\n\t\t\t\t\t<h2 class=\"elementor-heading-title elementor-size-default\">Projektliste<\/h2>\t\t\t\t<\/div>\n\t\t\t\t<\/div>\n\t\t\t\t<div class=\"elementor-element elementor-element-983ed34 elementor-widget elementor-widget-spacer\" data-id=\"983ed34\" data-element_type=\"widget\" data-e-type=\"widget\" data-widget_type=\"spacer.default\">\n\t\t\t\t<div class=\"elementor-widget-container\">\n\t\t\t\t\t\t\t<div class=\"elementor-spacer\">\n\t\t\t<div class=\"elementor-spacer-inner\"><\/div>\n\t\t<\/div>\n\t\t\t\t\t\t<\/div>\n\t\t\t\t<\/div>\n\t\t\t\t<div class=\"elementor-element elementor-element-8689197 elementor-widget elementor-widget-text-editor\" data-id=\"8689197\" data-element_type=\"widget\" data-e-type=\"widget\" data-widget_type=\"text-editor.default\">\n\t\t\t\t<div class=\"elementor-widget-container\">\n\t\t\t\t\t\t\t\t\t<ul><li><span lang=\"EN-US\">Programm-Manager f\u00fcr ein Portfolio von Projekten zur Integration des Unternehmens-ERP mit verschiedenen Kundensystemen zur Unterst\u00fctzung von Service-, Supply Chain- und weiteren Gesch\u00e4ftsprozessen. Implementierung von \u00fcber 30 Schnittstellen f\u00fcr mehrere Kunden.<\/span><\/li><li><span lang=\"EN-US\">Leitung der Migration eines gro\u00dfen SAP ERP von einem lokalen Rechenzentrum und Oracle DB zur Azure-Cloud und Hana DB.<\/span><\/li><li><p class=\"EngagementDescription\"><span lang=\"EN-US\">Programm-Management verschiedener SAP-Projekte zum Ausrollen und Migration im Zusammenhang mit Brexit und Archivierung.<\/span><\/p><\/li><li><p class=\"EngagementDescription\"><span lang=\"EN-US\">Programm Management eines SAP ERP Templates zu neuen Standorten.<\/span><\/p><\/li><li><p class=\"EngagementDescription\"><span lang=\"EN-US\">Leitung der \u00dcbergabe des SAP-Betriebs von interner und bestehender externer Unterst\u00fctzung zu einem neuen Outsourcer.<\/span><\/p><\/li><li><p class=\"EngagementDescription\"><span lang=\"EN-US\">Leitung des Programms zur \u00dcberf\u00fchrung der SAP-Systeme (ERP, PI, BI, Portal) von Bombardier von veralteter Hardware und Betriebssystemen in ausgelagerten Rechenzentren in eine neue und aktualisierte Umgebung in einem eigenen Rechenzentrum von Bombardier.<\/span><\/p><\/li><li><p class=\"EngagementDescription\"><span lang=\"EN-US\">Leitung der Marktbewertung verschiedener eCommerce-L\u00f6sungen f\u00fcr Bombardier Transportation. Auswahl eines Produkts zum Austausch verschiedener logistischer Informationen zwischen Bombardier und seinen Lieferanten (Bestellungen, Lieferpl\u00e4ne, Best\u00e4tigungen, Lieferungen). Verantwortlich f\u00fcr die Gestaltung der Systemarchitektur und des L\u00f6sungsdesigns.<\/span><\/p><\/li><li>Koordination der Einf\u00fchrung des globalen SAP-Templates zun\u00e4chst im Bereich Business Intelligence, dann im Bereich Supply Chain und Fertigung in mehreren L\u00e4ndern weltweit (UK, Frankreich, Nordamerika, China, D\u00e4nemark).<\/li><li>Technischer Projektmanager f\u00fcr die Implementierung eines Financial Executive Cockpit, um ein webbasiertes Reporting-Cockpit f\u00fcr das Top-Management von Bombardier Transportation bereitzustellen.<\/li><li>Aufbau einer Offshore-Supportorganisation f\u00fcr die neu implementierte SAP-L\u00f6sung, die von Bombardier Transportation in Gro\u00dfbritannien verwendet wird.<\/li><li>Als Projektmanager verantwortlich f\u00fcr die Auslagerung des SAP-Portal-Entwicklungs- und Wartungsteams von Bombardier Transportation nach Indien.<\/li><li>Technischer Projektmanager f\u00fcr die Implementierung eines Logistik-BW-Systems (Einkauf, Qualit\u00e4tsmanagement, Lagerverwaltung), das weltweit f\u00fcr Bombardier Transportation ausgerollt werden soll.<\/li><li>Technischer Projektleiter f\u00fcr die Rollouts der unten beschriebenen eProcurement (EBP)-L\u00f6sung an lokale Niederlassungen eines globalen Telekommunikationsunternehmens in EMEA (z.B. Niederlande, Spanien, Gro\u00dfbritannien, Irland, Ungarn, Polen, S\u00fcdafrika) und Japan.<\/li><li><p class=\"EngagementDescription\"><span lang=\"EN-US\">Entwurf und Implementierung eines Kernmodells f\u00fcr gemeinsame globale Beschaffungsprozesse f\u00fcr alle 18 europ\u00e4ischen Marktbereiche mit SAP Enterprise Buyer. Integration dieser Prozesse mit mehreren ERP-Backend- und HR-Systemen und in einem Shared-Service-Center-Konzept.<\/span><\/p><\/li><li><p class=\"EngagementDescription\"><span lang=\"EN-US\">Implementierung der SAP R\/3 Materialwirtschafts-Software f\u00fcr einen gro\u00dfen Stromversorger. Verantwortung f\u00fcr die Konfiguration der Purchase-to-Pay- und Rechnungspr\u00fcfungsprozesse.<\/span><\/p><\/li><li><p class=\"EngagementDescription\"><span lang=\"EN-US\">Konzeption und Implementierung eines optimierten Beschaffungsprozesses und Lagerverwaltung f\u00fcr einen \u00f6sterreichischen Stromproduzenten und -lieferanten. Das Ergebnis dieses Projekts war eine zentralisierte Lagerverwaltung mit niedrigem Lagerbestand und ein dezentralisierter Beschaffungsprozess.<\/span><\/p><\/li><li><p class=\"EngagementDescription\"><span lang=\"EN-US\">Neugestaltung des Beschaffungsprozesses f\u00fcr B- und C-Teile in einem gro\u00dfen Konsumg\u00fcterunternehmen. W\u00e4hrend dieses Projekts wurden die bestehenden Beschaffungsprozesse analysiert, neue optimierte Prozesse entworfen und implementiert. <\/span><\/p><\/li><\/ul>\t\t\t\t\t\t\t\t<\/div>\n\t\t\t\t<\/div>\n\t\t\t\t<\/div>\n\t\t\t\t\t<\/div>\n\t\t\t\t<\/div>\n\t\t<div class=\"elementor-element elementor-element-c2d11e9 e-flex e-con-boxed elementor-invisible e-con e-parent\" data-id=\"c2d11e9\" data-element_type=\"container\" data-e-type=\"container\" id=\"Portfolio\" data-settings=\"{&quot;animation&quot;:&quot;fadeIn&quot;}\">\n\t\t\t\t\t<div class=\"e-con-inner\">\n\t\t<div class=\"elementor-element elementor-element-10902a6 e-con-full e-flex e-con e-child\" data-id=\"10902a6\" data-element_type=\"container\" data-e-type=\"container\">\n\t\t\t\t<div class=\"elementor-element elementor-element-79ee3e9 elementor-widget elementor-widget-heading\" data-id=\"79ee3e9\" data-element_type=\"widget\" data-e-type=\"widget\" data-widget_type=\"heading.default\">\n\t\t\t\t<div class=\"elementor-widget-container\">\n\t\t\t\t\t<h2 class=\"elementor-heading-title elementor-size-default\">Mein Portfolio<\/h2>\t\t\t\t<\/div>\n\t\t\t\t<\/div>\n\t\t\t\t<div class=\"elementor-element elementor-element-5b4498f elementor-widget elementor-widget-spacer\" data-id=\"5b4498f\" data-element_type=\"widget\" data-e-type=\"widget\" data-widget_type=\"spacer.default\">\n\t\t\t\t<div class=\"elementor-widget-container\">\n\t\t\t\t\t\t\t<div class=\"elementor-spacer\">\n\t\t\t<div class=\"elementor-spacer-inner\"><\/div>\n\t\t<\/div>\n\t\t\t\t\t\t<\/div>\n\t\t\t\t<\/div>\n\t\t\t\t<div class=\"elementor-element elementor-element-c95fc37 elementor-widget elementor-widget-text-editor\" data-id=\"c95fc37\" data-element_type=\"widget\" data-e-type=\"widget\" data-widget_type=\"text-editor.default\">\n\t\t\t\t<div class=\"elementor-widget-container\">\n\t\t\t\t\t\t\t\t\t<p>EDV Programm Management<br \/>IT Project Management (Migration, Upgrade, Interface Development)<br \/>Vertretung der EDV Abetilungsleitung<br \/>Focus on <strong>SAP<\/strong> products<br \/>Managing Teams (International, Remote Teams, Off-shore (india), German \/ English)<\/p>\t\t\t\t\t\t\t\t<\/div>\n\t\t\t\t<\/div>\n\t\t\t\t<\/div>\n\t\t\t\t\t<\/div>\n\t\t\t\t<\/div>\n\t\t<div class=\"elementor-element elementor-element-0dd7514 e-flex e-con-boxed e-con e-parent\" data-id=\"0dd7514\" data-element_type=\"container\" data-e-type=\"container\" id=\"Skills\">\n\t\t\t\t\t<div class=\"e-con-inner\">\n\t\t<div class=\"elementor-element elementor-element-afca605 e-con-full e-flex e-con e-child\" data-id=\"afca605\" data-element_type=\"container\" data-e-type=\"container\">\n\t\t\t\t<div class=\"elementor-element elementor-element-5b7789f elementor-widget elementor-widget-heading\" data-id=\"5b7789f\" data-element_type=\"widget\" data-e-type=\"widget\" data-widget_type=\"heading.default\">\n\t\t\t\t<div class=\"elementor-widget-container\">\n\t\t\t\t\t<h2 class=\"elementor-heading-title elementor-size-default\">F\u00e4higkeiten<\/h2>\t\t\t\t<\/div>\n\t\t\t\t<\/div>\n\t\t\t\t<div class=\"elementor-element elementor-element-9319045 elementor-widget elementor-widget-spacer\" data-id=\"9319045\" data-element_type=\"widget\" data-e-type=\"widget\" data-widget_type=\"spacer.default\">\n\t\t\t\t<div class=\"elementor-widget-container\">\n\t\t\t\t\t\t\t<div class=\"elementor-spacer\">\n\t\t\t<div class=\"elementor-spacer-inner\"><\/div>\n\t\t<\/div>\n\t\t\t\t\t\t<\/div>\n\t\t\t\t<\/div>\n\t\t\t\t<div class=\"elementor-element elementor-element-40cf297 elementor-widget elementor-widget-text-editor\" data-id=\"40cf297\" data-element_type=\"widget\" data-e-type=\"widget\" data-widget_type=\"text-editor.default\">\n\t\t\t\t<div class=\"elementor-widget-container\">\n\t\t\t\t\t\t\t\t\t<p>Starke F\u00e4higkeiten in der Teamleitung, einschlie\u00dflich Kommunikation und Motivation von Teams.<br \/>Organisationsf\u00e4higkeiten, erfahren in verschiedenen Rollen als Abteilungsleiter f\u00fcr multinationale Teams.<br \/>Exzellenz in der \u00dcbersetzung zwischen deutsch- und englischsprachigen Teams sowie zwischen Anwendern- und EDV-Teammitgliedern.<br \/>Projektplanung, -ausf\u00fchrung und nachhalten<br \/>Hohe Auffassungsgabe f\u00fcr neue Technologien und Prozesse.<\/p>\t\t\t\t\t\t\t\t<\/div>\n\t\t\t\t<\/div>\n\t\t\t\t<\/div>\n\t\t\t\t\t<\/div>\n\t\t\t\t<\/div>\n\t\t<div class=\"elementor-element elementor-element-34a0f09 e-flex e-con-boxed e-con e-parent\" data-id=\"34a0f09\" data-element_type=\"container\" data-e-type=\"container\" id=\"Contact\" data-settings=\"{&quot;background_background&quot;:&quot;classic&quot;}\">\n\t\t\t\t\t<div class=\"e-con-inner\">\n\t\t<div class=\"elementor-element elementor-element-9607f0c e-con-full e-flex e-con e-child\" data-id=\"9607f0c\" data-element_type=\"container\" data-e-type=\"container\">\n\t\t\t\t<\/div>\n\t\t\t\t\t<\/div>\n\t\t\t\t<\/div>\n\t\t\t\t<\/div>","protected":false},"excerpt":{"rendered":"<p>IT Program-\/Project- &amp; interim Management Specialised in SAP Implementations, Migrations, Upgrades and Maintenance in international environments, especially collaboration with India (exDirector of SAP Competence Center for Alstom) Contact Me Biography I launched my career as a consultant in Supply Chain &hellip;<\/p>\n<p class=\"read-more\"> <a class=\"more-link\" href=\"https:\/\/mohs-consult.com\/de\/\"> <span class=\"screen-reader-text\">Home<\/span> Weiterlesen &raquo;<\/a><\/p>","protected":false},"author":1,"featured_media":0,"parent":0,"menu_order":0,"comment_status":"closed","ping_status":"closed","template":"elementor_header_footer","meta":{"footnotes":""},"class_list":["post-26","page","type-page","status-publish","hentry"],"_links":{"self":[{"href":"https:\/\/mohs-consult.com\/de\/wp-json\/wp\/v2\/pages\/26","targetHints":{"allow":["GET"]}}],"collection":[{"href":"https:\/\/mohs-consult.com\/de\/wp-json\/wp\/v2\/pages"}],"about":[{"href":"https:\/\/mohs-consult.com\/de\/wp-json\/wp\/v2\/types\/page"}],"author":[{"embeddable":true,"href":"https:\/\/mohs-consult.com\/de\/wp-json\/wp\/v2\/users\/1"}],"replies":[{"embeddable":true,"href":"https:\/\/mohs-consult.com\/de\/wp-json\/wp\/v2\/comments?post=26"}],"version-history":[{"count":114,"href":"https:\/\/mohs-consult.com\/de\/wp-json\/wp\/v2\/pages\/26\/revisions"}],"predecessor-version":[{"id":990,"href":"https:\/\/mohs-consult.com\/de\/wp-json\/wp\/v2\/pages\/26\/revisions\/990"}],"wp:attachment":[{"href":"https:\/\/mohs-consult.com\/de\/wp-json\/wp\/v2\/media?parent=26"}],"curies":[{"name":"wp","href":"https:\/\/api.w.org\/{rel}","templated":true}]}}